{"id":20,"date":"2019-07-31T14:04:19","date_gmt":"2019-07-31T12:04:19","guid":{"rendered":"http:\/\/wiki.hogs.live\/?page_id=20"},"modified":"2021-01-21T07:59:16","modified_gmt":"2021-01-21T06:59:16","slug":"tiles","status":"publish","type":"page","link":"https:\/\/wiki.hogs.live\/en\/tiles\/","title":{"rendered":"Tiles"},"content":{"rendered":"<p>\n\nPobranie tiles&#8217;\u00f3w tworz\u0105cych map\u0119. \n\n<\/p>\n\n\n\n<p class=\"has-small-font-size\"><br> Zapytanie nale\u017cy wywo\u0142a\u0107 pod adres: <br><code>https:\/\/api.hogs.live\/api\/public\/map-tile<\/code> <br> podaj\u0105c nast\u0119puj\u0105ce parametry metod\u0105 GET: <\/p>\n\n\n\n<p><\/p>\n\n\n\n<table class=\"wp-block-table is-style-regular has-small-font-size\"><tbody><tr><td><strong>Parametry     <\/strong><\/td><td><strong>Kind<\/strong>         <\/td><td><strong>Comments<\/strong><\/td><\/tr><tr><td>s<\/td><td>number<\/td><td>subdomena, warto\u015bci 1-4<\/td><\/tr><tr><td>x<\/td><td> number <\/td><td>&#8211;<\/td><\/tr><tr><td>y<\/td><td> number <\/td><td>&#8211;<\/td><\/tr><tr><td>z<\/td><td> number <\/td><td>&#8211;<\/td><\/tr><tr><td>token<\/td><td> string <\/td><td>zamiast autoryzacji przez header&#8217;a<\/td><\/tr><tr><td>lg<\/td><td> string <\/td><td>j\u0119zyk, warto\u015b\u0107 domy\u015blna 'pol&#8217;, <br>kraje nale\u017cy poda\u0107 w formacie: ISO 3166-1-alpha-3 <\/td><\/tr><\/tbody><\/table>\n\n\n\n<p><\/p>\n\n\n\n<p>Przyk\u0142ad u\u017cycia z wykorzystaniem biblioteki OpenLayers:<\/p>\n\n\n\n<p><code>var myTileServer = new ol.layer.Tile({<br>\u00a0 source: new ol.source.OSM({<br>\u00a0\u00a0 crossOrigin: null,<br>\u00a0\u00a0     url: 'https:\/\/api.hogs.live\/api\/public\/map-tile?s={1-4}&amp;x={x}&amp;y={y}&amp;z={z}&amp;token={token}&amp;lg={lg}'<br>\u00a0   })<br> });<\/code><\/p>\n\n\n\n<p><\/p>","protected":false},"excerpt":{"rendered":"<p>Pobranie tiles&#8217;\u00f3w tworz\u0105cych map\u0119. Zapytanie nale\u017cy wywo\u0142a\u0107 pod adres: https:\/\/api.hogs.live\/api\/public\/map-tile podaj\u0105c nast\u0119puj\u0105ce parametry metod\u0105 GET: Parametry Rodzaj Uwagi s number subdomena, warto\u015bci 1-4 x number &#8211; y number &#8211; z number &#8211; token string zamiast autoryzacji przez header&#8217;a lg string j\u0119zyk, warto\u015b\u0107 domy\u015blna 'pol&#8217;, kraje nale\u017cy poda\u0107 w formacie: ISO 3166-1-alpha-3 Przyk\u0142ad u\u017cycia z wykorzystaniem ..<\/p>\n<div class=\"clear-fix\"><\/div>\n<p><a href=\"https:\/\/wiki.hogs.live\/en\/tiles\/\" title=\"read more...\">Read more<\/a><\/p>","protected":false},"author":1,"featured_media":0,"parent":0,"menu_order":0,"comment_status":"closed","ping_status":"closed","template":"full-width-template.php","meta":[],"_links":{"self":[{"href":"https:\/\/wiki.hogs.live\/en\/wp-json\/wp\/v2\/pages\/20"}],"collection":[{"href":"https:\/\/wiki.hogs.live\/en\/wp-json\/wp\/v2\/pages"}],"about":[{"href":"https:\/\/wiki.hogs.live\/en\/wp-json\/wp\/v2\/types\/page"}],"author":[{"embeddable":true,"href":"https:\/\/wiki.hogs.live\/en\/wp-json\/wp\/v2\/users\/1"}],"replies":[{"embeddable":true,"href":"https:\/\/wiki.hogs.live\/en\/wp-json\/wp\/v2\/comments?post=20"}],"version-history":[{"count":15,"href":"https:\/\/wiki.hogs.live\/en\/wp-json\/wp\/v2\/pages\/20\/revisions"}],"predecessor-version":[{"id":181,"href":"https:\/\/wiki.hogs.live\/en\/wp-json\/wp\/v2\/pages\/20\/revisions\/181"}],"wp:attachment":[{"href":"https:\/\/wiki.hogs.live\/en\/wp-json\/wp\/v2\/media?parent=20"}],"curies":[{"name":"wp","href":"https:\/\/api.w.org\/{rel}","templated":true}]}}